{"id":2,"date":"2013-12-06T16:45:17","date_gmt":"2013-12-06T16:45:17","guid":{"rendered":"http:\/\/lagrenouillehirsute.com\/?page_id=2"},"modified":"2014-02-10T15:09:52","modified_gmt":"2014-02-10T15:09:52","slug":"sample-page","status":"publish","type":"page","link":"http:\/\/lagrenouillehirsute.com\/","title":{"rendered":"Accueil"},"content":{"rendered":"<h3>Bienvenue chez La Grenouille Hirsute!<\/h3>\n<p><strong>FRAN\u00c7AIS<\/strong> \u2013 La Grenouille Hirsute est une chouette \u00e9tiquette de disques, livres, livres-disques (et m\u00eame des disques-livres!) somptueux et audacieux. Elle est encore toute petite&#8230; mais elle voit grand et elle entend beau.<\/p>\n<p>Sa premi\u00e8re production\u00a0: <em>Terra Incognita<\/em>, sept portraits sonores du guitariste et compositeur Arturo Parra. 54\u00a0minutes 11\u00a0secondes de pur bonheur \u00e0 \u00e9couter et \u00e0 se procurer ici\u00a0: <a title=\"Terra Incognita @ Bandcamp\" href=\"http:\/\/www.arturoparra.bandcamp.com\" target=\"_blank\">www.arturoparra.bandcamp.com<\/a><\/p>\n<p><iframe loading=\"lazy\" width=\"600\" height=\"338\" src=\"\/\/www.youtube.com\/embed\/ryMqbk8CcGw\" frameborder=\"0\" allowfullscreen><\/iframe><\/p>\n<p>Infos? catego@sympatico.ca<\/p>\n<p>Aimez-nous sur Facebook\u00a0:<br \/>\n<a title=\"LaGrenouilleHirsute@Facebook\" href=\"http:\/\/www.facebook.com\/LaGrenouilleHirsute\" target=\"_blank\">www.facebook.com\/LaGrenouilleHirsute<\/a>.<\/p>\n<p>Site en d\u00e9veloppement\u2026 Nous y travaillons d\u2019arrache-patte!<\/p>\n<p>&#8212;<\/p>\n<p><strong>ESPA\u00d1OL<\/strong>\u00a0 \u2013 La Grenouille Hirsute (\u201cLa ranita despelucada\u201d) es una muy ch\u00e9vere etiqueta de discos, libros, libro-disco (\u00a1y tambi\u00e9n de disco-libro!) suntuosos y audaces. Aunque est\u00e1 peque\u00f1ita todav\u00eda\u2026 sus proyectos son grandes y ya resuenan.<\/p>\n<p>Su primera producci\u00f3n: <em>Terra Incognita<\/em>, siete retratos sonoros del guitarrista y compositor Arturo Parra. 54 minutos y 11 segundos de gran clase para escuchar y procur\u00e1rselos aqu\u00ed: <a title=\"Terra Incognita @ Bandcamp\" href=\"http:\/\/www.arturoparra.bandcamp.com\" target=\"_blank\">www.arturoparra.bandcamp.com<\/a><\/p>\n<p><iframe loading=\"lazy\" width=\"600\" height=\"338\" src=\"\/\/www.youtube.com\/embed\/sqA0fo9Bj6k\" frameborder=\"0\" allowfullscreen><\/iframe><\/p>\n<p>\u00bfInformaci\u00f3n? catego@sympatico.ca<\/p>\n<p>Sitio en construcci\u00f3n\u2026 \u00a1Estamos trabajando a grandes saltos!<\/p>\n<p>Visite nuestro Facebook y abrace la \u201cRanita\u201d haciendo clic en \u201cMe gusta\u201d:<br \/>\n<a title=\"LaGrenouilleHirsute@Facebook\" href=\"http:\/\/facebook.com\/LaGrenouilleHirsute\" target=\"_blank\">www.facebook.com\/LaGrenouilleHirsute <\/a><\/p>\n<p>&#8212;<\/p>\n<p><strong>ENGLISH<\/strong> \u2013 La Grenouille Hirsute (\u201cShaggy Frog\u201d) is a brand new and very cool label offering beautiful and innovative CDs and books. We\u2019re taking our first steps, but we\u2019re reaching for the stars!<\/p>\n<p>Our first release is <em>Terra Incognita<\/em>, seven sound portraits by guitarist and composer Arturo Parra \u2013 54\u00a0minutes and 11\u00a0seconds of pure pleasure that you can listen to and buy here: <a title=\"Terra Incognita @ Bandcamp\" href=\"http:\/\/www.arturoparra.bandcamp.com\" target=\"_blank\">www.arturoparra.bandcamp.com<\/a><\/p>\n<p>Like us on Facebook:<br \/>\n<a title=\"LaGrenouilleHirsute@Facebook\" href=\"http:\/\/www.facebook.com\/LaGrenouilleHirsute\" target=\"_blank\">www.facebook.com\/LaGrenouilleHirsute<\/a>.<\/p>\n<p><iframe loading=\"lazy\" width=\"600\" height=\"338\" src=\"\/\/www.youtube.com\/embed\/KSAQY8coaEA\" frameborder=\"0\" allowfullscreen><\/iframe><\/p>\n<p>For more information: catego@sympatico.ca<\/p>\n<p>Site under development\u2026 Frogs at work!<\/p>\n","protected":false},"excerpt":{"rendered":"<p>Bienvenue chez La Grenouille Hirsute! FRAN\u00c7AIS \u2013 La Grenouille Hirsute est une chouette \u00e9tiquette de disques, livres, livres-disques (et m\u00eame des disques-livres!) somptueux et audacieux. Elle est encore toute petite&#8230; mais elle voit grand et elle entend beau. Sa premi\u00e8re production\u00a0: Terra Incognita, sept portraits sonores du guitariste et compositeur Arturo Parra. 54\u00a0minutes 11\u00a0secondes de [&hellip;]<\/p>\n","protected":false},"author":1,"featured_media":0,"parent":0,"menu_order":0,"comment_status":"closed","ping_status":"closed","template":"","meta":[],"_links":{"self":[{"href":"http:\/\/lagrenouillehirsute.com\/index.php?rest_route=\/wp\/v2\/pages\/2"}],"collection":[{"href":"http:\/\/lagrenouillehirsute.com\/index.php?rest_route=\/wp\/v2\/pages"}],"about":[{"href":"http:\/\/lagrenouillehirsute.com\/index.php?rest_route=\/wp\/v2\/types\/page"}],"author":[{"embeddable":true,"href":"http:\/\/lagrenouillehirsute.com\/index.php?rest_route=\/wp\/v2\/users\/1"}],"replies":[{"embeddable":true,"href":"http:\/\/lagrenouillehirsute.com\/index.php?rest_route=%2Fwp%2Fv2%2Fcomments&post=2"}],"version-history":[{"count":10,"href":"http:\/\/lagrenouillehirsute.com\/index.php?rest_route=\/wp\/v2\/pages\/2\/revisions"}],"predecessor-version":[{"id":19,"href":"http:\/\/lagrenouillehirsute.com\/index.php?rest_route=\/wp\/v2\/pages\/2\/revisions\/19"}],"wp:attachment":[{"href":"http:\/\/lagrenouillehirsute.com\/index.php?rest_route=%2Fwp%2Fv2%2Fmedia&parent=2"}],"curies":[{"name":"wp","href":"https:\/\/api.w.org\/{rel}","templated":true}]}}